{"id":13071,"date":"2022-04-03T15:35:00","date_gmt":"2022-04-03T15:35:00","guid":{"rendered":"https:\/\/hagio.hr\/?page_id=13071"},"modified":"2024-03-16T20:07:10","modified_gmt":"2024-03-16T19:07:10","slug":"introduction-to-evangelization","status":"publish","type":"page","link":"https:\/\/hagio.hr\/en\/introduction-to-evangelization\/","title":{"rendered":"Introduction to evangelization"},"content":{"rendered":"\n<p><\/p>\n\n\n\n<h3 id=\"the-new-evangelization\" class=\"wp-block-heading\"><strong>THE NEW EVANGELIZATION<\/strong> <\/h3>\n\n\n<p>In recent years, one gets the impression that many are evangelizing (various associations, movements, lay communities, parish animators) and that everyone knows and understands what this is about and what the process is like.<\/p>\n<p>The new evangelization wants to emphasize that it is not about the new Gospel and the contents of the faith, but the circumstances and approach to modern man have changed. This modern man is looking for arguments, the experience of salvation, ie a new experience of faith.<\/p>\n<p>2019. marks 40 years since Tomislav Ivan\u010di\u0107 held the first seminar in Marija Bistrica in the presence of the late Cardinal Franjo Kuhari\u0107 and about 40 priests. That is why we consider Tomislav Ivan\u010di\u0107, in a way, the founder of the evangelization movement who started the \u201eSeminars for the Evangelization of the Church\u201c, first practically, and then theoretically.<\/p>\n<p>The content and method of conducting the seminar, ie the catechumenate of adults, is elaborated in detail in his book \u201eEncounter With the Living God\u201c.<\/p>\n<p>In a way, Tomislav Ivan\u010di\u0107, the founder of the Prayer and the Word community, handed out the spirit, content and method of how to evangelize. The evangelization of the Church is one of the tasks of the Community, and that is to proclaim the Good News and help the Church to be a witness.<\/p>\n<p><strong>However, how to evangelize successfully?<br \/><\/strong>One Church document states that \u201epeople prefer to listen to witnesses rather than teacher, and teachers if they are witnesses.\u201c It is impossible for the one who is evangelized, who has experienced sincere conversion and a change of heart not to evangelize others. Of course, this is not about some sectarianism and the establishment of pious habits.<\/p>","protected":false},"excerpt":{"rendered":"THE NEW EVANGELIZATION In recent years, one gets the impression that many are evangelizing (various associations, movements, lay&hellip;\n","protected":false},"author":1,"featured_media":0,"parent":0,"menu_order":0,"comment_status":"closed","ping_status":"closed","template":"","meta":{"footnotes":"","csco_singular_sidebar":"","csco_page_header_type":"","csco_page_load_nextpost":"","csco_post_video_location":[],"csco_post_video_url":"","csco_post_video_bg_start_time":0,"csco_post_video_bg_end_time":0},"yoast_head":"<!-- This site is optimized with the Yoast SEO plugin v22.3 - https:\/\/yoast.com\/wordpress\/plugins\/seo\/ -->\n<title>Introduction to evangelization - HagioHr<\/title>\n<meta name=\"robots\" content=\"index, follow, max-snippet:-1, max-image-preview:large, max-video-preview:-1\" \/>\n<link rel=\"canonical\" href=\"https:\/\/hagio.hr\/en\/introduction-to-evangelization\/\" \/>\n<meta property=\"og:locale\" content=\"en_US\" \/>\n<meta property=\"og:type\" content=\"article\" \/>\n<meta property=\"og:title\" content=\"Introduction to evangelization - HagioHr\" \/>\n<meta property=\"og:description\" content=\"THE NEW EVANGELIZATION In recent years, one gets the impression that many are evangelizing (various associations, movements, lay&hellip;\" \/>\n<meta property=\"og:url\" content=\"https:\/\/hagio.hr\/en\/introduction-to-evangelization\/\" \/>\n<meta property=\"og:site_name\" content=\"HagioHr\" \/>\n<meta property=\"article:modified_time\" content=\"2024-03-16T19:07:10+00:00\" \/>\n<meta name=\"twitter:card\" content=\"summary_large_image\" \/>\n<meta name=\"twitter:label1\" content=\"Est. reading time\" \/>\n\t<meta name=\"twitter:data1\" content=\"2 minutes\" \/>\n<script type=\"application\/ld+json\" class=\"yoast-schema-graph\">{\"@context\":\"https:\/\/schema.org\",\"@graph\":[{\"@type\":\"WebPage\",\"@id\":\"https:\/\/hagio.hr\/en\/introduction-to-evangelization\/\",\"url\":\"https:\/\/hagio.hr\/en\/introduction-to-evangelization\/\",\"name\":\"Introduction to evangelization - HagioHr\",\"isPartOf\":{\"@id\":\"https:\/\/hagio.hr\/#website\"},\"datePublished\":\"2022-04-03T15:35:00+00:00\",\"dateModified\":\"2024-03-16T19:07:10+00:00\",\"breadcrumb\":{\"@id\":\"https:\/\/hagio.hr\/en\/introduction-to-evangelization\/#breadcrumb\"},\"inLanguage\":\"en-US\",\"potentialAction\":[{\"@type\":\"ReadAction\",\"target\":[\"https:\/\/hagio.hr\/en\/introduction-to-evangelization\/\"]}]},{\"@type\":\"BreadcrumbList\",\"@id\":\"https:\/\/hagio.hr\/en\/introduction-to-evangelization\/#breadcrumb\",\"itemListElement\":[{\"@type\":\"ListItem\",\"position\":1,\"name\":\"Po\u010detna stranica\",\"item\":\"https:\/\/hagio.hr\/en\/\"},{\"@type\":\"ListItem\",\"position\":2,\"name\":\"Introduction to evangelization\"}]},{\"@type\":\"WebSite\",\"@id\":\"https:\/\/hagio.hr\/#website\",\"url\":\"https:\/\/hagio.hr\/\",\"name\":\"HagioHr\",\"description\":\"Portal za promicanje hagioterapije - antropolo\u0161ke medicine\",\"potentialAction\":[{\"@type\":\"SearchAction\",\"target\":{\"@type\":\"EntryPoint\",\"urlTemplate\":\"https:\/\/hagio.hr\/?s={search_term_string}\"},\"query-input\":\"required name=search_term_string\"}],\"inLanguage\":\"en-US\"}]}<\/script>\n<!-- \/ Yoast SEO plugin. -->","yoast_head_json":{"title":"Introduction to evangelization - HagioHr","robots":{"index":"index","follow":"follow","max-snippet":"max-snippet:-1","max-image-preview":"max-image-preview:large","max-video-preview":"max-video-preview:-1"},"canonical":"https:\/\/hagio.hr\/en\/introduction-to-evangelization\/","og_locale":"en_US","og_type":"article","og_title":"Introduction to evangelization - HagioHr","og_description":"THE NEW EVANGELIZATION In recent years, one gets the impression that many are evangelizing (various associations, movements, lay&hellip;","og_url":"https:\/\/hagio.hr\/en\/introduction-to-evangelization\/","og_site_name":"HagioHr","article_modified_time":"2024-03-16T19:07:10+00:00","twitter_card":"summary_large_image","twitter_misc":{"Est. reading time":"2 minutes"},"schema":{"@context":"https:\/\/schema.org","@graph":[{"@type":"WebPage","@id":"https:\/\/hagio.hr\/en\/introduction-to-evangelization\/","url":"https:\/\/hagio.hr\/en\/introduction-to-evangelization\/","name":"Introduction to evangelization - HagioHr","isPartOf":{"@id":"https:\/\/hagio.hr\/#website"},"datePublished":"2022-04-03T15:35:00+00:00","dateModified":"2024-03-16T19:07:10+00:00","breadcrumb":{"@id":"https:\/\/hagio.hr\/en\/introduction-to-evangelization\/#breadcrumb"},"inLanguage":"en-US","potentialAction":[{"@type":"ReadAction","target":["https:\/\/hagio.hr\/en\/introduction-to-evangelization\/"]}]},{"@type":"BreadcrumbList","@id":"https:\/\/hagio.hr\/en\/introduction-to-evangelization\/#breadcrumb","itemListElement":[{"@type":"ListItem","position":1,"name":"Po\u010detna stranica","item":"https:\/\/hagio.hr\/en\/"},{"@type":"ListItem","position":2,"name":"Introduction to evangelization"}]},{"@type":"WebSite","@id":"https:\/\/hagio.hr\/#website","url":"https:\/\/hagio.hr\/","name":"HagioHr","description":"Portal za promicanje hagioterapije - antropolo\u0161ke medicine","potentialAction":[{"@type":"SearchAction","target":{"@type":"EntryPoint","urlTemplate":"https:\/\/hagio.hr\/?s={search_term_string}"},"query-input":"required name=search_term_string"}],"inLanguage":"en-US"}]}},"_links":{"self":[{"href":"https:\/\/hagio.hr\/en\/wp-json\/wp\/v2\/pages\/13071"}],"collection":[{"href":"https:\/\/hagio.hr\/en\/wp-json\/wp\/v2\/pages"}],"about":[{"href":"https:\/\/hagio.hr\/en\/wp-json\/wp\/v2\/types\/page"}],"author":[{"embeddable":true,"href":"https:\/\/hagio.hr\/en\/wp-json\/wp\/v2\/users\/1"}],"replies":[{"embeddable":true,"href":"https:\/\/hagio.hr\/en\/wp-json\/wp\/v2\/comments?post=13071"}],"version-history":[{"count":0,"href":"https:\/\/hagio.hr\/en\/wp-json\/wp\/v2\/pages\/13071\/revisions"}],"wp:attachment":[{"href":"https:\/\/hagio.hr\/en\/wp-json\/wp\/v2\/media?parent=13071"}],"curies":[{"name":"wp","href":"https:\/\/api.w.org\/{rel}","templated":true}]}}